{"id":998,"date":"2023-10-12T01:08:09","date_gmt":"2023-10-12T01:08:09","guid":{"rendered":"http:\/\/ketamaseeds.com\/product\/kamnesia-sementes-de-cannabis-feminizadas\/"},"modified":"2023-12-08T02:47:36","modified_gmt":"2023-12-08T02:47:36","slug":"kamnesia-sementes-de-cannabis-feminizadas","status":"publish","type":"product","link":"https:\/\/ketamaseeds.com\/pt-br\/produto\/kamnesia-sementes-de-cannabis-feminizadas\/","title":{"rendered":"KAMNESIA sementes de cannabis feminizadas"},"content":{"rendered":"<h2>Sementes de cannabis feminizadas KAMNESIA<\/h2>\n<p>A KAMNESIA \u00e9 uma das melhores op\u00e7\u00f5es quando se trata de comprar sementes de maconha feminizadas de descend\u00eancia Sativa.<br \/>\nA KAMNESIA \u00e9 a variedade mais sativa do cat\u00e1logo de sementes de maconha da KETAMA SEEDS.<\/p>\n<p>A variedade de cannabis KAMNESIA, que est\u00e1 atrasada, e sabemos que todas as coisas boas v\u00eam para aqueles que esperam, \u00e9 muito poderosa, tem um efeito realmente estrondoso.<\/p>\n<p>Ela \u00e9 capaz de nocautear fumantes experientes com alta toler\u00e2ncia ao THC. H\u00e1 quem diga que a KAMNESIA \u00e9 como tirar sua alma do corpo, mas, como todas as variedades, tamb\u00e9m h\u00e1 quem diga que gosta dela para sair.<\/p>\n<p>Cada c\u00e9rebro e sistema nervoso assimila o THC de forma diferente.<\/p>\n<p>\u00c9 uma variedade de cannabis que tem um grande efeito, mas que nos d\u00e1 for\u00e7a e clareza mental.<\/p>\n<p>\u00c9 uma planta alta, com dist\u00e2ncia internodal m\u00e9dia-alta, que deve ser cultivada com um bast\u00e3o ou tutor para sustentar esses bot\u00f5es grandes e consistentes cheios de resina.<\/p>\n<p>A resina da planta produzida pelas sementes feminizadas da AMNESIA, a KAMNESIA, \u00e9 altamente valorizada por produzir haxixe de alt\u00edssima pot\u00eancia que o leva a n\u00edveis nunca antes explorados.<\/p>\n<p>O sabor das flores da variedade KAMNESIA \u00e9 excepcionalmente fresco, com toques frutados de madeira e especiarias.<\/p>\n<p>VARIEDADE: H\u00edbrido com predomin\u00e2ncia de sativa, 90% de sativa e 10% de indica<br \/>\nAROMA: Frutado, madeira e especiarias<br \/>\nEFEITO: Mental &#8211; F\u00edsico<br \/>\nTHC: 24-27% CBD: 0,2% THC: 24-27% CBD: 0,2% THC: 24-27<br \/>\nCBD : 0,2%.<br \/>\nSensibilidade a fungos: alta<br \/>\nPAR\u00c2METROS DE CULTIVO BIOL\u00d3GICO HIDROP\u00d4NICO<br \/>\nEC Crescimento 0,6-0,9ms 1,1-1,4ms<br \/>\nEC Flora\u00e7\u00e3o 0,9-1,4ms 1,1-1,6ms<br \/>\nPH Crescimento 5,5 5,8<br \/>\nPH Flora\u00e7\u00e3o 6,3 6,3<br \/>\nDESENVOLVIMENTO EXTERIOR INTERIOR<br \/>\nCOLHEITA Final de outubro 70 &#8211; 75 dias<br \/>\nRENDIMENTO 350-550 gr. por planta 300-550 gr\/m2<\/p>\n","protected":false},"excerpt":{"rendered":"<p>Sementes de cannabis feminizadas KAMNESIA A KAMNESIA \u00e9 uma das melhores op\u00e7\u00f5es quando se trata de comprar sementes de maconha feminizadas de descend\u00eancia Sativa. A KAMNESIA \u00e9 a variedade mais sativa do cat\u00e1logo de sementes de maconha da KETAMA SEEDS. A variedade de cannabis KAMNESIA, que est\u00e1 atrasada, e sabemos que todas as coisas boas [&hellip;]<\/p>\n","protected":false},"featured_media":533,"comment_status":"open","ping_status":"closed","template":"","meta":{"_et_pb_use_builder":"","_et_pb_old_content":"","_et_gb_content_width":""},"product_brand":[],"product_cat":[49],"product_tag":[],"class_list":{"0":"post-998","1":"product","2":"type-product","3":"status-publish","4":"has-post-thumbnail","6":"product_cat-sementes-feminizadas","8":"first","9":"instock","10":"shipping-taxable","11":"purchasable","12":"product-type-variable"},"yoast_head":"<!-- This site is optimized with the Yoast SEO plugin v27.3 - https:\/\/yoast.com\/product\/yoast-seo-wordpress\/ -->\n<title>KAMNESIA sementes de cannabis feminizadas<\/title>\n<meta name=\"description\" content=\"A variedade de cannabis KAMNESIA, que est\u00e1 atrasada, e sabemos que todas as coisas boas v\u00eam para aqueles que esperam, \u00e9 muito poderosa, tem um efeito realmente estrondoso.\" \/>\n<meta name=\"robots\" content=\"index, follow, max-snippet:-1, max-image-preview:large, max-video-preview:-1\" \/>\n<link rel=\"canonical\" href=\"https:\/\/ketamaseeds.com\/pt-br\/produto\/kamnesia-sementes-de-cannabis-feminizadas\/\" \/>\n<meta property=\"og:locale\" content=\"pt_BR\" \/>\n<meta property=\"og:type\" content=\"article\" \/>\n<meta property=\"og:title\" content=\"KAMNESIA sementes de cannabis feminizadas\" \/>\n<meta property=\"og:description\" content=\"A variedade de cannabis KAMNESIA, que est\u00e1 atrasada, e sabemos que todas as coisas boas v\u00eam para aqueles que esperam, \u00e9 muito poderosa, tem um efeito realmente estrondoso.\" \/>\n<meta property=\"og:url\" content=\"https:\/\/ketamaseeds.com\/pt-br\/produto\/kamnesia-sementes-de-cannabis-feminizadas\/\" \/>\n<meta property=\"og:site_name\" content=\"KETAMA SEEDS\" \/>\n<meta property=\"article:publisher\" content=\"https:\/\/www.facebook.com\/ketamaseedsbank\" \/>\n<meta property=\"article:modified_time\" content=\"2023-12-08T02:47:36+00:00\" \/>\n<meta property=\"og:image\" content=\"https:\/\/ketamaseeds.com\/wp-content\/uploads\/2023\/10\/KAMNESIA-semillas-de-marihuana-feminizadas-KETAMA-SEEDS.jpg\" \/>\n\t<meta property=\"og:image:width\" content=\"360\" \/>\n\t<meta property=\"og:image:height\" content=\"480\" \/>\n\t<meta property=\"og:image:type\" content=\"image\/jpeg\" \/>\n<meta name=\"twitter:card\" content=\"summary_large_image\" \/>\n<meta name=\"twitter:site\" content=\"@KetamaSeeds\" \/>\n<meta name=\"twitter:label1\" content=\"Est. tempo de leitura\" \/>\n\t<meta name=\"twitter:data1\" content=\"2 minutos\" \/>\n<script type=\"application\/ld+json\" class=\"yoast-schema-graph\">{\"@context\":\"https:\\\/\\\/schema.org\",\"@graph\":[{\"@type\":\"WebPage\",\"@id\":\"https:\\\/\\\/ketamaseeds.com\\\/pt-br\\\/produto\\\/kamnesia-sementes-de-cannabis-feminizadas\\\/\",\"url\":\"https:\\\/\\\/ketamaseeds.com\\\/pt-br\\\/produto\\\/kamnesia-sementes-de-cannabis-feminizadas\\\/\",\"name\":\"KAMNESIA sementes de cannabis feminizadas\",\"isPartOf\":{\"@id\":\"https:\\\/\\\/ketamaseeds.com\\\/pt-br\\\/#website\"},\"primaryImageOfPage\":{\"@id\":\"https:\\\/\\\/ketamaseeds.com\\\/pt-br\\\/produto\\\/kamnesia-sementes-de-cannabis-feminizadas\\\/#primaryimage\"},\"image\":{\"@id\":\"https:\\\/\\\/ketamaseeds.com\\\/pt-br\\\/produto\\\/kamnesia-sementes-de-cannabis-feminizadas\\\/#primaryimage\"},\"thumbnailUrl\":\"https:\\\/\\\/ketamaseeds.com\\\/wp-content\\\/uploads\\\/2023\\\/10\\\/KAMNESIA-semillas-de-marihuana-feminizadas-KETAMA-SEEDS.jpg\",\"datePublished\":\"2023-10-12T01:08:09+00:00\",\"dateModified\":\"2023-12-08T02:47:36+00:00\",\"description\":\"A variedade de cannabis KAMNESIA, que est\u00e1 atrasada, e sabemos que todas as coisas boas v\u00eam para aqueles que esperam, \u00e9 muito poderosa, tem um efeito realmente estrondoso.\",\"breadcrumb\":{\"@id\":\"https:\\\/\\\/ketamaseeds.com\\\/pt-br\\\/produto\\\/kamnesia-sementes-de-cannabis-feminizadas\\\/#breadcrumb\"},\"inLanguage\":\"pt-BR\",\"potentialAction\":[{\"@type\":\"ReadAction\",\"target\":[\"https:\\\/\\\/ketamaseeds.com\\\/pt-br\\\/produto\\\/kamnesia-sementes-de-cannabis-feminizadas\\\/\"]}]},{\"@type\":\"ImageObject\",\"inLanguage\":\"pt-BR\",\"@id\":\"https:\\\/\\\/ketamaseeds.com\\\/pt-br\\\/produto\\\/kamnesia-sementes-de-cannabis-feminizadas\\\/#primaryimage\",\"url\":\"https:\\\/\\\/ketamaseeds.com\\\/wp-content\\\/uploads\\\/2023\\\/10\\\/KAMNESIA-semillas-de-marihuana-feminizadas-KETAMA-SEEDS.jpg\",\"contentUrl\":\"https:\\\/\\\/ketamaseeds.com\\\/wp-content\\\/uploads\\\/2023\\\/10\\\/KAMNESIA-semillas-de-marihuana-feminizadas-KETAMA-SEEDS.jpg\",\"width\":360,\"height\":480,\"caption\":\"KAMNESIA semillas de cannabis\"},{\"@type\":\"BreadcrumbList\",\"@id\":\"https:\\\/\\\/ketamaseeds.com\\\/pt-br\\\/produto\\\/kamnesia-sementes-de-cannabis-feminizadas\\\/#breadcrumb\",\"itemListElement\":[{\"@type\":\"ListItem\",\"position\":1,\"name\":\"Home\",\"item\":\"https:\\\/\\\/ketamaseeds.com\\\/pt-br\\\/\"},{\"@type\":\"ListItem\",\"position\":2,\"name\":\"Sementes de cannabis\",\"item\":\"https:\\\/\\\/ketamaseeds.com\\\/pt-br\\\/sementes-de-cannabis\\\/\"},{\"@type\":\"ListItem\",\"position\":3,\"name\":\"KAMNESIA sementes de cannabis feminizadas\"}]},{\"@type\":\"WebSite\",\"@id\":\"https:\\\/\\\/ketamaseeds.com\\\/pt-br\\\/#website\",\"url\":\"https:\\\/\\\/ketamaseeds.com\\\/pt-br\\\/\",\"name\":\"KETAMA SEEDS\",\"description\":\"Banco de semillas de Cannabis\",\"publisher\":{\"@id\":\"https:\\\/\\\/ketamaseeds.com\\\/pt-br\\\/#organization\"},\"potentialAction\":[{\"@type\":\"SearchAction\",\"target\":{\"@type\":\"EntryPoint\",\"urlTemplate\":\"https:\\\/\\\/ketamaseeds.com\\\/pt-br\\\/?s={search_term_string}\"},\"query-input\":{\"@type\":\"PropertyValueSpecification\",\"valueRequired\":true,\"valueName\":\"search_term_string\"}}],\"inLanguage\":\"pt-BR\"},{\"@type\":\"Organization\",\"@id\":\"https:\\\/\\\/ketamaseeds.com\\\/pt-br\\\/#organization\",\"name\":\"KETAMA SEEDS\",\"url\":\"https:\\\/\\\/ketamaseeds.com\\\/pt-br\\\/\",\"logo\":{\"@type\":\"ImageObject\",\"inLanguage\":\"pt-BR\",\"@id\":\"https:\\\/\\\/ketamaseeds.com\\\/pt-br\\\/#\\\/schema\\\/logo\\\/image\\\/\",\"url\":\"https:\\\/\\\/ketamaseeds.com\\\/wp-content\\\/uploads\\\/2023\\\/10\\\/cropped-ketama-seeds-logo.jpeg\",\"contentUrl\":\"https:\\\/\\\/ketamaseeds.com\\\/wp-content\\\/uploads\\\/2023\\\/10\\\/cropped-ketama-seeds-logo.jpeg\",\"width\":512,\"height\":512,\"caption\":\"KETAMA SEEDS\"},\"image\":{\"@id\":\"https:\\\/\\\/ketamaseeds.com\\\/pt-br\\\/#\\\/schema\\\/logo\\\/image\\\/\"},\"sameAs\":[\"https:\\\/\\\/www.facebook.com\\\/ketamaseedsbank\",\"https:\\\/\\\/x.com\\\/KetamaSeeds\",\"https:\\\/\\\/www.instagram.com\\\/ketamaseeds\"]}]}<\/script>\n<!-- \/ Yoast SEO plugin. -->","yoast_head_json":{"title":"KAMNESIA sementes de cannabis feminizadas","description":"A variedade de cannabis KAMNESIA, que est\u00e1 atrasada, e sabemos que todas as coisas boas v\u00eam para aqueles que esperam, \u00e9 muito poderosa, tem um efeito realmente estrondoso.","robots":{"index":"index","follow":"follow","max-snippet":"max-snippet:-1","max-image-preview":"max-image-preview:large","max-video-preview":"max-video-preview:-1"},"canonical":"https:\/\/ketamaseeds.com\/pt-br\/produto\/kamnesia-sementes-de-cannabis-feminizadas\/","og_locale":"pt_BR","og_type":"article","og_title":"KAMNESIA sementes de cannabis feminizadas","og_description":"A variedade de cannabis KAMNESIA, que est\u00e1 atrasada, e sabemos que todas as coisas boas v\u00eam para aqueles que esperam, \u00e9 muito poderosa, tem um efeito realmente estrondoso.","og_url":"https:\/\/ketamaseeds.com\/pt-br\/produto\/kamnesia-sementes-de-cannabis-feminizadas\/","og_site_name":"KETAMA SEEDS","article_publisher":"https:\/\/www.facebook.com\/ketamaseedsbank","article_modified_time":"2023-12-08T02:47:36+00:00","og_image":[{"width":360,"height":480,"url":"https:\/\/ketamaseeds.com\/wp-content\/uploads\/2023\/10\/KAMNESIA-semillas-de-marihuana-feminizadas-KETAMA-SEEDS.jpg","type":"image\/jpeg"}],"twitter_card":"summary_large_image","twitter_site":"@KetamaSeeds","twitter_misc":{"Est. tempo de leitura":"2 minutos"},"schema":{"@context":"https:\/\/schema.org","@graph":[{"@type":"WebPage","@id":"https:\/\/ketamaseeds.com\/pt-br\/produto\/kamnesia-sementes-de-cannabis-feminizadas\/","url":"https:\/\/ketamaseeds.com\/pt-br\/produto\/kamnesia-sementes-de-cannabis-feminizadas\/","name":"KAMNESIA sementes de cannabis feminizadas","isPartOf":{"@id":"https:\/\/ketamaseeds.com\/pt-br\/#website"},"primaryImageOfPage":{"@id":"https:\/\/ketamaseeds.com\/pt-br\/produto\/kamnesia-sementes-de-cannabis-feminizadas\/#primaryimage"},"image":{"@id":"https:\/\/ketamaseeds.com\/pt-br\/produto\/kamnesia-sementes-de-cannabis-feminizadas\/#primaryimage"},"thumbnailUrl":"https:\/\/ketamaseeds.com\/wp-content\/uploads\/2023\/10\/KAMNESIA-semillas-de-marihuana-feminizadas-KETAMA-SEEDS.jpg","datePublished":"2023-10-12T01:08:09+00:00","dateModified":"2023-12-08T02:47:36+00:00","description":"A variedade de cannabis KAMNESIA, que est\u00e1 atrasada, e sabemos que todas as coisas boas v\u00eam para aqueles que esperam, \u00e9 muito poderosa, tem um efeito realmente estrondoso.","breadcrumb":{"@id":"https:\/\/ketamaseeds.com\/pt-br\/produto\/kamnesia-sementes-de-cannabis-feminizadas\/#breadcrumb"},"inLanguage":"pt-BR","potentialAction":[{"@type":"ReadAction","target":["https:\/\/ketamaseeds.com\/pt-br\/produto\/kamnesia-sementes-de-cannabis-feminizadas\/"]}]},{"@type":"ImageObject","inLanguage":"pt-BR","@id":"https:\/\/ketamaseeds.com\/pt-br\/produto\/kamnesia-sementes-de-cannabis-feminizadas\/#primaryimage","url":"https:\/\/ketamaseeds.com\/wp-content\/uploads\/2023\/10\/KAMNESIA-semillas-de-marihuana-feminizadas-KETAMA-SEEDS.jpg","contentUrl":"https:\/\/ketamaseeds.com\/wp-content\/uploads\/2023\/10\/KAMNESIA-semillas-de-marihuana-feminizadas-KETAMA-SEEDS.jpg","width":360,"height":480,"caption":"KAMNESIA semillas de cannabis"},{"@type":"BreadcrumbList","@id":"https:\/\/ketamaseeds.com\/pt-br\/produto\/kamnesia-sementes-de-cannabis-feminizadas\/#breadcrumb","itemListElement":[{"@type":"ListItem","position":1,"name":"Home","item":"https:\/\/ketamaseeds.com\/pt-br\/"},{"@type":"ListItem","position":2,"name":"Sementes de cannabis","item":"https:\/\/ketamaseeds.com\/pt-br\/sementes-de-cannabis\/"},{"@type":"ListItem","position":3,"name":"KAMNESIA sementes de cannabis feminizadas"}]},{"@type":"WebSite","@id":"https:\/\/ketamaseeds.com\/pt-br\/#website","url":"https:\/\/ketamaseeds.com\/pt-br\/","name":"KETAMA SEEDS","description":"Banco de semillas de Cannabis","publisher":{"@id":"https:\/\/ketamaseeds.com\/pt-br\/#organization"},"potentialAction":[{"@type":"SearchAction","target":{"@type":"EntryPoint","urlTemplate":"https:\/\/ketamaseeds.com\/pt-br\/?s={search_term_string}"},"query-input":{"@type":"PropertyValueSpecification","valueRequired":true,"valueName":"search_term_string"}}],"inLanguage":"pt-BR"},{"@type":"Organization","@id":"https:\/\/ketamaseeds.com\/pt-br\/#organization","name":"KETAMA SEEDS","url":"https:\/\/ketamaseeds.com\/pt-br\/","logo":{"@type":"ImageObject","inLanguage":"pt-BR","@id":"https:\/\/ketamaseeds.com\/pt-br\/#\/schema\/logo\/image\/","url":"https:\/\/ketamaseeds.com\/wp-content\/uploads\/2023\/10\/cropped-ketama-seeds-logo.jpeg","contentUrl":"https:\/\/ketamaseeds.com\/wp-content\/uploads\/2023\/10\/cropped-ketama-seeds-logo.jpeg","width":512,"height":512,"caption":"KETAMA SEEDS"},"image":{"@id":"https:\/\/ketamaseeds.com\/pt-br\/#\/schema\/logo\/image\/"},"sameAs":["https:\/\/www.facebook.com\/ketamaseedsbank","https:\/\/x.com\/KetamaSeeds","https:\/\/www.instagram.com\/ketamaseeds"]}]}},"_links":{"self":[{"href":"https:\/\/ketamaseeds.com\/pt-br\/wp-json\/wp\/v2\/product\/998","targetHints":{"allow":["GET"]}}],"collection":[{"href":"https:\/\/ketamaseeds.com\/pt-br\/wp-json\/wp\/v2\/product"}],"about":[{"href":"https:\/\/ketamaseeds.com\/pt-br\/wp-json\/wp\/v2\/types\/product"}],"replies":[{"embeddable":true,"href":"https:\/\/ketamaseeds.com\/pt-br\/wp-json\/wp\/v2\/comments?post=998"}],"wp:featuredmedia":[{"embeddable":true,"href":"https:\/\/ketamaseeds.com\/pt-br\/wp-json\/wp\/v2\/media\/533"}],"wp:attachment":[{"href":"https:\/\/ketamaseeds.com\/pt-br\/wp-json\/wp\/v2\/media?parent=998"}],"wp:term":[{"taxonomy":"product_brand","embeddable":true,"href":"https:\/\/ketamaseeds.com\/pt-br\/wp-json\/wp\/v2\/product_brand?post=998"},{"taxonomy":"product_cat","embeddable":true,"href":"https:\/\/ketamaseeds.com\/pt-br\/wp-json\/wp\/v2\/product_cat?post=998"},{"taxonomy":"product_tag","embeddable":true,"href":"https:\/\/ketamaseeds.com\/pt-br\/wp-json\/wp\/v2\/product_tag?post=998"}],"curies":[{"name":"wp","href":"https:\/\/api.w.org\/{rel}","templated":true}]}}